{"id":1748,"date":"2019-03-31T18:46:44","date_gmt":"2019-03-31T17:46:44","guid":{"rendered":"http:\/\/jaszai-iskola.net\/wp\/?page_id=1748"},"modified":"2025-01-31T14:42:08","modified_gmt":"2025-01-31T13:42:08","slug":"kozzeteteli-lista","status":"publish","type":"page","link":"http:\/\/jaszai-iskola.net\/wp\/oktatas\/kozzeteteli-lista\/","title":{"rendered":"K\u00f6zz\u00e9t\u00e9teli lista"},"content":{"rendered":"<a href=\"http:\/\/jaszai-iskola.net\/wp\/wp-content\/uploads\/2024\/11\/export037755_20241121.pdf\" class=\"pdfemb-viewer\" style=\"\" data-width=\"max\" data-height=\"max\" data-toolbar=\"both\" data-toolbar-fixed=\"on\">export037755_20241121<\/a>\n\n<a href=\"http:\/\/jaszai-iskola.net\/wp\/wp-content\/uploads\/2025\/01\/eves_jelentes_2024_eedcd3ee2e.pdf\" class=\"pdfemb-viewer\" style=\"\" data-width=\"max\" data-height=\"max\" data-toolbar=\"both\" data-toolbar-fixed=\"on\">eves_jelentes_2024_eedcd3ee2e<\/a>","protected":false},"excerpt":{"rendered":"","protected":false},"author":1,"featured_media":0,"parent":112,"menu_order":0,"comment_status":"closed","ping_status":"closed","template":"","meta":{"ngg_post_thumbnail":0,"jetpack_post_was_ever_published":false,"footnotes":""},"class_list":["post-1748","page","type-page","status-publish","hentry"],"jetpack_sharing_enabled":true,"jetpack_shortlink":"https:\/\/wp.me\/P7WZAv-sc","jetpack-related-posts":[],"jetpack_likes_enabled":true,"_links":{"self":[{"href":"http:\/\/jaszai-iskola.net\/wp\/wp-json\/wp\/v2\/pages\/1748","targetHints":{"allow":["GET"]}}],"collection":[{"href":"http:\/\/jaszai-iskola.net\/wp\/wp-json\/wp\/v2\/pages"}],"about":[{"href":"http:\/\/jaszai-iskola.net\/wp\/wp-json\/wp\/v2\/types\/page"}],"author":[{"embeddable":true,"href":"http:\/\/jaszai-iskola.net\/wp\/wp-json\/wp\/v2\/users\/1"}],"replies":[{"embeddable":true,"href":"http:\/\/jaszai-iskola.net\/wp\/wp-json\/wp\/v2\/comments?post=1748"}],"version-history":[{"count":7,"href":"http:\/\/jaszai-iskola.net\/wp\/wp-json\/wp\/v2\/pages\/1748\/revisions"}],"predecessor-version":[{"id":4614,"href":"http:\/\/jaszai-iskola.net\/wp\/wp-json\/wp\/v2\/pages\/1748\/revisions\/4614"}],"up":[{"embeddable":true,"href":"http:\/\/jaszai-iskola.net\/wp\/wp-json\/wp\/v2\/pages\/112"}],"wp:attachment":[{"href":"http:\/\/jaszai-iskola.net\/wp\/wp-json\/wp\/v2\/media?parent=1748"}],"curies":[{"name":"wp","href":"https:\/\/api.w.org\/{rel}","templated":true}]}}